{"id":321,"date":"2023-10-20T17:50:59","date_gmt":"2023-10-20T17:50:59","guid":{"rendered":"https:\/\/pgcivilrightst.wpenginepowered.com\/?page_id=321"},"modified":"2023-10-20T17:58:06","modified_gmt":"2023-10-20T17:58:06","slug":"donate","status":"publish","type":"page","link":"https:\/\/pgcivilrightstrail.org\/es\/donate\/","title":{"rendered":"Donar"},"content":{"rendered":"<p class=\"appear-on-scroll\">La Ruta de los Derechos Civiles del Condado de Prince George es un proyecto de historia p\u00fablica centrado en sitios e historias regionales del Movimiento Nacional de Derechos Civiles. Cada letrero detalla las experiencias de los habitantes negros de Maryland mientras luchaban contra la segregaci\u00f3n y por la igualdad. Reconocemos que esta lucha contin\u00faa y creemos que al iluminar estos momentos de la historia, podemos aumentar la comprensi\u00f3n cultural e inspirar actos de reconciliaci\u00f3n.<\/p>\n\n<p class=\"appear-on-scroll\">Este proyecto fue financiado por el Servicio de Parques Nacionales y el Maryland Historical Trust. El proyecto es administrado por Anacostia Trails Heritage Area\/Maryland Milestones con el apoyo del Programa de Historia Afroamericana de la Comisi\u00f3n de Planificaci\u00f3n y Parque de la Capital Nacional de Maryland y el Consorcio de Historia del Condado de Prince George. Investigaci\u00f3n y redacci\u00f3n de Meagan Baco, Alexander Brooks, Nathan Dennies y Leigh Walters.<\/p>\n\n<p class=\"appear-on-scroll\">Un agradecimiento especial a Civil War Trails, Doswell E. Brooks Elementary School, Frederick Douglass High School Alumni Association, The Griffin Estate, Hyattsville CDC, Laurel Historical Society, Laurel History Boys, Openbox9, Prince George&#039;s County Historical Society, Prince George&#039;s County Memorial Library System , la Iglesia Episcopal Metodista de San Marcos y el Comit\u00e9 Hist\u00f3rico de la Ciudad de Upper Marlboro.<\/p>\n\n<div  class=\"appear-on-scroll wp-block-buttons is-layout-flex wp-block-buttons-is-layout-flex\" >\n<div class=\"wp-block-button\"><a class=\"wp-block-button__link wp-element-button\"><span class=\"label\">Haga clic aqu\u00ed para donar<\/span><\/a><\/div>\n<\/div>\n\n\n<div style=\"position:relative;overflow:hidden;width:100%;height:1200px;padding-top:100%\"><iframe title='Formulario de donaci\u00f3n desarrollado por Zeffy' style='position: absolute; border: 0; top:0;left:0;bottom:0;right:0;width:100%;height:100%' src='https:\/\/www.zeffy.com\/en-US\/embed\/donation-form\/6c59b155-b724-4369-8ba2-ac34f9f03ba8' allowpaymentrequest allowtransparency=\"true\"><\/iframe><\/div>","protected":false},"excerpt":{"rendered":"<p>La Ruta de los Derechos Civiles del Condado de Prince George es un proyecto de historia p\u00fablica centrado en sitios e historias regionales del Movimiento Nacional de Derechos Civiles. Cada \u2026 <span class=\"more\"><a href=\"https:\/\/pgcivilrightstrail.org\/es\/donate\/\">Aprende m\u00e1s<\/a><\/span><\/p>","protected":false},"author":3,"featured_media":0,"parent":0,"menu_order":0,"comment_status":"closed","ping_status":"closed","template":"","meta":{"featured_image_background_position":"","footnotes":""},"class_list":["post-321","page","type-page","status-publish","hentry"],"yoast_head":"<!-- This site is optimized with the Yoast SEO plugin v26.6 - https:\/\/yoast.com\/wordpress\/plugins\/seo\/ -->\n<title>Donate - Prince George&#039;s Civil Rights Trail<\/title>\n<meta name=\"robots\" content=\"index, follow, max-snippet:-1, max-image-preview:large, max-video-preview:-1\" \/>\n<link rel=\"canonical\" href=\"https:\/\/pgcivilrightstrail.org\/es\/donate\/\" \/>\n<meta property=\"og:locale\" content=\"es_MX\" \/>\n<meta property=\"og:type\" content=\"article\" \/>\n<meta property=\"og:title\" content=\"Donate - Prince George&#039;s Civil Rights Trail\" \/>\n<meta property=\"og:description\" content=\"The Prince George\u2019s County Civil Rights Trail is a public history project focused on regional sites and stories of the national Civil Rights Movement. Each &hellip; Learn More\" \/>\n<meta property=\"og:url\" content=\"https:\/\/pgcivilrightstrail.org\/es\/donate\/\" \/>\n<meta property=\"og:site_name\" content=\"Prince George&#039;s Civil Rights Trail\" \/>\n<meta property=\"article:publisher\" content=\"https:\/\/www.facebook.com\/mdmilestones\/\" \/>\n<meta property=\"article:modified_time\" content=\"2023-10-20T17:58:06+00:00\" \/>\n<meta name=\"twitter:card\" content=\"summary_large_image\" \/>\n<meta name=\"twitter:site\" content=\"@mdmilestones\" \/>\n<meta name=\"twitter:label1\" content=\"Tiempo de lectura\" \/>\n\t<meta name=\"twitter:data1\" content=\"1 minuto\" \/>\n<script type=\"application\/ld+json\" class=\"yoast-schema-graph\">{\"@context\":\"https:\/\/schema.org\",\"@graph\":[{\"@type\":\"WebPage\",\"@id\":\"https:\/\/pgcivilrightstrail.org\/donate\/\",\"url\":\"https:\/\/pgcivilrightstrail.org\/donate\/\",\"name\":\"Donate - Prince George&#039;s Civil Rights Trail\",\"isPartOf\":{\"@id\":\"https:\/\/pgcivilrightstrail.org\/#website\"},\"datePublished\":\"2023-10-20T17:50:59+00:00\",\"dateModified\":\"2023-10-20T17:58:06+00:00\",\"breadcrumb\":{\"@id\":\"https:\/\/pgcivilrightstrail.org\/donate\/#breadcrumb\"},\"inLanguage\":\"es\",\"potentialAction\":[{\"@type\":\"ReadAction\",\"target\":[\"https:\/\/pgcivilrightstrail.org\/donate\/\"]}]},{\"@type\":\"BreadcrumbList\",\"@id\":\"https:\/\/pgcivilrightstrail.org\/donate\/#breadcrumb\",\"itemListElement\":[{\"@type\":\"ListItem\",\"position\":1,\"name\":\"Home\",\"item\":\"https:\/\/pgcivilrightstrail.org\/\"},{\"@type\":\"ListItem\",\"position\":2,\"name\":\"Donate\"}]},{\"@type\":\"WebSite\",\"@id\":\"https:\/\/pgcivilrightstrail.org\/#website\",\"url\":\"https:\/\/pgcivilrightstrail.org\/\",\"name\":\"Prince George&#039;s Civil Rights Trail\",\"description\":\"Learn about the civil rights history of the most affluent Black county in the United States.\",\"potentialAction\":[{\"@type\":\"SearchAction\",\"target\":{\"@type\":\"EntryPoint\",\"urlTemplate\":\"https:\/\/pgcivilrightstrail.org\/?s={search_term_string}\"},\"query-input\":{\"@type\":\"PropertyValueSpecification\",\"valueRequired\":true,\"valueName\":\"search_term_string\"}}],\"inLanguage\":\"es\"}]}<\/script>\n<!-- \/ Yoast SEO plugin. -->","yoast_head_json":{"title":"Donate - Prince George&#039;s Civil Rights Trail","robots":{"index":"index","follow":"follow","max-snippet":"max-snippet:-1","max-image-preview":"max-image-preview:large","max-video-preview":"max-video-preview:-1"},"canonical":"https:\/\/pgcivilrightstrail.org\/es\/donate\/","og_locale":"es_MX","og_type":"article","og_title":"Donate - Prince George&#039;s Civil Rights Trail","og_description":"The Prince George\u2019s County Civil Rights Trail is a public history project focused on regional sites and stories of the national Civil Rights Movement. Each &hellip; Learn More","og_url":"https:\/\/pgcivilrightstrail.org\/es\/donate\/","og_site_name":"Prince George&#039;s Civil Rights Trail","article_publisher":"https:\/\/www.facebook.com\/mdmilestones\/","article_modified_time":"2023-10-20T17:58:06+00:00","twitter_card":"summary_large_image","twitter_site":"@mdmilestones","twitter_misc":{"Tiempo de lectura":"1 minuto"},"schema":{"@context":"https:\/\/schema.org","@graph":[{"@type":"WebPage","@id":"https:\/\/pgcivilrightstrail.org\/donate\/","url":"https:\/\/pgcivilrightstrail.org\/donate\/","name":"Donate - Prince George&#039;s Civil Rights Trail","isPartOf":{"@id":"https:\/\/pgcivilrightstrail.org\/#website"},"datePublished":"2023-10-20T17:50:59+00:00","dateModified":"2023-10-20T17:58:06+00:00","breadcrumb":{"@id":"https:\/\/pgcivilrightstrail.org\/donate\/#breadcrumb"},"inLanguage":"es","potentialAction":[{"@type":"ReadAction","target":["https:\/\/pgcivilrightstrail.org\/donate\/"]}]},{"@type":"BreadcrumbList","@id":"https:\/\/pgcivilrightstrail.org\/donate\/#breadcrumb","itemListElement":[{"@type":"ListItem","position":1,"name":"Home","item":"https:\/\/pgcivilrightstrail.org\/"},{"@type":"ListItem","position":2,"name":"Donate"}]},{"@type":"WebSite","@id":"https:\/\/pgcivilrightstrail.org\/#website","url":"https:\/\/pgcivilrightstrail.org\/","name":"Ruta de los derechos civiles del Pr\u00edncipe George","description":"Conozca la historia de los derechos civiles del condado negro m\u00e1s pr\u00f3spero de los Estados Unidos.","potentialAction":[{"@type":"SearchAction","target":{"@type":"EntryPoint","urlTemplate":"https:\/\/pgcivilrightstrail.org\/?s={search_term_string}"},"query-input":{"@type":"PropertyValueSpecification","valueRequired":true,"valueName":"search_term_string"}}],"inLanguage":"es"}]}},"_links":{"self":[{"href":"https:\/\/pgcivilrightstrail.org\/es\/wp-json\/wp\/v2\/pages\/321","targetHints":{"allow":["GET"]}}],"collection":[{"href":"https:\/\/pgcivilrightstrail.org\/es\/wp-json\/wp\/v2\/pages"}],"about":[{"href":"https:\/\/pgcivilrightstrail.org\/es\/wp-json\/wp\/v2\/types\/page"}],"author":[{"embeddable":true,"href":"https:\/\/pgcivilrightstrail.org\/es\/wp-json\/wp\/v2\/users\/3"}],"replies":[{"embeddable":true,"href":"https:\/\/pgcivilrightstrail.org\/es\/wp-json\/wp\/v2\/comments?post=321"}],"version-history":[{"count":0,"href":"https:\/\/pgcivilrightstrail.org\/es\/wp-json\/wp\/v2\/pages\/321\/revisions"}],"wp:attachment":[{"href":"https:\/\/pgcivilrightstrail.org\/es\/wp-json\/wp\/v2\/media?parent=321"}],"curies":[{"name":"wp","href":"https:\/\/api.w.org\/{rel}","templated":true}]}}