{"id":3,"date":"2022-05-18T17:55:53","date_gmt":"2022-05-18T17:55:53","guid":{"rendered":"https:\/\/staging.pgcivilrightstrail.org\/?page_id=3"},"modified":"2022-08-04T18:04:05","modified_gmt":"2022-08-04T18:04:05","slug":"privacy-policy","status":"publish","type":"page","link":"https:\/\/pgcivilrightstrail.org\/es\/privacy-policy\/","title":{"rendered":"pol\u00edtica de privacidad"},"content":{"rendered":"<p class=\"appear-on-scroll\">Proteger su informaci\u00f3n privada es nuestra prioridad. Esta Declaraci\u00f3n de privacidad se aplica a pgccivilrights.org y Anacostia Trails Heritage Area y rige la recopilaci\u00f3n y el uso de datos. A los efectos de esta Pol\u00edtica de privacidad, a menos que se indique lo contrario, todas las referencias al \u00c1rea patrimonial de Anacostia Trails incluyen pgccivilrights.org y ATHA. El sitio web de ATHA es un sitio de historia p\u00fablica. Al utilizar el sitio web de ATHA, usted acepta la utilizaci\u00f3n de los datos que se describen en esta norma.<\/p>\n\n<h2  class=\"appear-on-scroll wp-block-heading\" ><span class=\"text\"><strong>Recopilaci\u00f3n de su informaci\u00f3n personal<\/strong><\/span><\/h2>\n\n<p class=\"appear-on-scroll\">ATHA puede recopilar informaci\u00f3n demogr\u00e1fica an\u00f3nima, que no es exclusiva de usted, como su:<\/p>\n\n<ul  class=\"appear-on-scroll wp-block-list\" ><li>Edad <\/li><li>G\u00e9nero<\/li><li>Carrera<\/li><\/ul>\n\n<p class=\"appear-on-scroll\">No recopilamos ninguna informaci\u00f3n personal sobre usted a menos que nos la proporcione voluntariamente. Sin embargo, es posible que deba proporcionarnos cierta informaci\u00f3n personal cuando elija usar ciertos productos o servicios. Estos pueden incluir: (a) registrarse para una cuenta; (b) participar en un sorteo o concurso patrocinado por nosotros o uno de nuestros socios; (c) suscribirse a ofertas especiales de terceros seleccionados; (d) envi\u00e1ndonos un mensaje de correo electr\u00f3nico; (e) enviar su tarjeta de cr\u00e9dito u otra informaci\u00f3n de pago al ordenar y comprar productos y servicios. A saber, utilizaremos su informaci\u00f3n para, entre otros, comunicarnos con usted en relaci\u00f3n con los servicios y\/o productos que nos ha solicitado. Tambi\u00e9n podemos recopilar informaci\u00f3n personal o no personal adicional en el futuro.<\/p>\n\n<h2  class=\"appear-on-scroll wp-block-heading\" ><span class=\"text\"><strong>Compartir informaci\u00f3n con terceros<\/strong><\/span><\/h2>\n\n<p class=\"appear-on-scroll\">ATHA puede compartir datos con socios confiables para ayudar a realizar an\u00e1lisis estad\u00edsticos, enviarle correos electr\u00f3nicos o postales, brindar atenci\u00f3n al cliente u organizar entregas. Todos estos terceros tienen prohibido usar su informaci\u00f3n personal, excepto para proporcionar estos servicios a ATHA, y est\u00e1n obligados a mantener la confidencialidad de su informaci\u00f3n.<\/p>\n\n<p class=\"appear-on-scroll\">ATHA puede divulgar su informaci\u00f3n personal, sin previo aviso, si as\u00ed lo requiere la ley o si cree de buena fe que dicha acci\u00f3n es necesaria para: (a) cumplir con los edictos de la ley o cumplir con el proceso legal notificado a ATHA o al sitio; (b) proteger y defender los derechos o propiedad de ATHA; y\/o (c) actuar bajo circunstancias exigentes para proteger la seguridad personal de los usuarios de ATHA, o del p\u00fablico.<\/p>\n\n<h2  class=\"appear-on-scroll wp-block-heading\" ><span class=\"text\"><strong>Seguimiento del comportamiento del usuario<\/strong><\/span><\/h2>\n\n<p class=\"appear-on-scroll\">ATHA puede realizar un seguimiento de los sitios web y las p\u00e1ginas que visitan nuestros usuarios dentro de ATHA, a fin de determinar qu\u00e9 servicios de ATHA son los m\u00e1s populares. Estos datos se utilizan para ofrecer contenido y publicidad personalizados dentro de ATHA a los clientes cuyo comportamiento indica que est\u00e1n interesados en un tema en particular.<\/p>\n\n<h2  class=\"appear-on-scroll wp-block-heading\" ><span class=\"text\"><strong>Informaci\u00f3n recopilada autom\u00e1ticamente<\/strong><\/span><\/h2>\n\n<p class=\"appear-on-scroll\">ATHA puede recopilar autom\u00e1ticamente informaci\u00f3n sobre el hardware y el software de su computadora. Esta informaci\u00f3n puede incluir: su direcci\u00f3n IP, tipo de navegador, nombres de dominio, tiempos de acceso y direcciones de sitios web de referencia. Esta informaci\u00f3n se utiliza para la operaci\u00f3n del servicio, para mantener la calidad del servicio prestado y para brindar estad\u00edsticas generales acerca del uso del sitio web ATHA.<\/p>\n\n<h2  class=\"appear-on-scroll wp-block-heading\" ><span class=\"text\"><strong>Enlaces<\/strong><\/span><\/h2>\n\n<p class=\"appear-on-scroll\">Este sitio web contiene enlaces a otros sitios. Tenga en cuenta que no somos responsables del contenido o las pr\u00e1cticas de privacidad de dichos otros sitios. Alentamos a nuestros usuarios a estar atentos cuando abandonan nuestro sitio y a leer las declaraciones de privacidad de cualquier otro sitio que recopile informaci\u00f3n de identificaci\u00f3n personal.<\/p>\n\n<h2  class=\"appear-on-scroll wp-block-heading\" ><span class=\"text\"><strong>Seguridad de su informaci\u00f3n personal<\/strong><\/span><\/h2>\n\n<p class=\"appear-on-scroll\">ATHA asegura su informaci\u00f3n personal frente al acceso, uso o divulgaci\u00f3n no autorizados. ATHA utiliza los siguientes m\u00e9todos para este prop\u00f3sito:<\/p>\n\n<ul  class=\"appear-on-scroll wp-block-list\" ><li>Protocolo SSL<\/li><\/ul>\n\n<p class=\"appear-on-scroll\">Cuando la informaci\u00f3n personal (como un n\u00famero de tarjeta de cr\u00e9dito) se transmite a otros sitios web, se protege mediante el uso de encriptaci\u00f3n, como el protocolo Secure Sockets Layer (SSL).<\/p>\n\n<p class=\"appear-on-scroll\">Nos esforzamos por tomar las medidas de seguridad adecuadas para proteger contra el acceso no autorizado o la alteraci\u00f3n de su informaci\u00f3n personal. Desafortunadamente, no se puede garantizar que la transmisi\u00f3n de datos a trav\u00e9s de Internet o cualquier red inal\u00e1mbrica sea 100% segura. Como resultado, mientras nos esforzamos por proteger su informaci\u00f3n personal, usted reconoce que: (a) existen limitaciones de seguridad y privacidad inherentes a Internet que est\u00e1n fuera de nuestro control; y (b) no se puede garantizar la seguridad, integridad y privacidad de toda la informaci\u00f3n y los datos intercambiados entre usted y nosotros a trav\u00e9s de este Sitio.<\/p>\n\n<h2  class=\"appear-on-scroll wp-block-heading\" ><span class=\"text\"><strong>Derecho de supresi\u00f3n<\/strong><\/span><\/h2>\n\n<p class=\"appear-on-scroll\">Sujeto a ciertas excepciones establecidas a continuaci\u00f3n, al recibir una solicitud verificable de su parte, haremos lo siguiente:<\/p>\n\n<ul  class=\"appear-on-scroll wp-block-list\" ><li>Eliminar su informaci\u00f3n personal de nuestros registros; y<\/li><li>Indicar a cualquier proveedor de servicios que elimine su informaci\u00f3n personal de sus registros.<\/li><\/ul>\n\n<p class=\"appear-on-scroll\">Tenga en cuenta que es posible que no podamos cumplir con las solicitudes para eliminar su informaci\u00f3n personal si es necesario para:<\/p>\n\n<ul  class=\"appear-on-scroll wp-block-list\" ><li>Completar la transacci\u00f3n para la cual se recopil\u00f3 la informaci\u00f3n personal, cumplir con los t\u00e9rminos de una garant\u00eda por escrito o retiro del producto realizado de conformidad con la ley federal, proporcionar un bien o servicio solicitado por usted o anticipado razonablemente dentro del contexto de nuestra relaci\u00f3n comercial en curso con usted , o de otro modo realizar un contrato entre usted y nosotros;<\/li><li>Detectar incidentes de seguridad, proteger contra actividades maliciosas, enga\u00f1osas, fraudulentas o ilegales; o enjuiciar a los responsables de esa actividad;<\/li><li>Depuraci\u00f3n para identificar y reparar errores que perjudican la funcionalidad prevista existente;<\/li><li>Ejercer la libertad de expresi\u00f3n, garantizar el derecho de otro consumidor a ejercer su derecho a la libertad de expresi\u00f3n, o ejercer otro derecho previsto por la ley;<\/li><li>Cumplir con la Ley de Privacidad de Comunicaciones Electr\u00f3nicas de California;<\/li><li>Participar en investigaciones cient\u00edficas, hist\u00f3ricas o estad\u00edsticas p\u00fablicas o revisadas por pares en inter\u00e9s p\u00fablico que se adhieran a todas las dem\u00e1s leyes de \u00e9tica y privacidad aplicables, cuando es probable que la eliminaci\u00f3n de la informaci\u00f3n imposibilite o perjudique gravemente el logro de dicha investigaci\u00f3n, siempre que hemos obtenido su consentimiento informado;<\/li><li>Permitir \u00fanicamente usos internos que est\u00e9n razonablemente alineados con sus expectativas en funci\u00f3n de su relaci\u00f3n con nosotros;<\/li><li>Cumplir con una obligaci\u00f3n legal existente; o<\/li><li>De lo contrario, use su informaci\u00f3n personal, internamente, de una manera legal que sea compatible con el contexto en el que proporcion\u00f3 la informaci\u00f3n.<\/li><\/ul>\n\n<h2  class=\"appear-on-scroll wp-block-heading\" ><span class=\"text\"><strong>Ni\u00f1os menores de trece a\u00f1os<\/strong><\/span><\/h2>\n\n<p class=\"appear-on-scroll\">ATHA no recopila a sabiendas informaci\u00f3n de identificaci\u00f3n personal de ni\u00f1os menores de trece a\u00f1os. Si tiene menos de trece a\u00f1os, debe pedir permiso a sus padres o tutores para usar este sitio web.<\/p>\n\n<h2  class=\"appear-on-scroll wp-block-heading\" ><span class=\"text\"><strong>Comunicaciones por correo electr\u00f3nico<\/strong><\/span><\/h2>\n\n<p class=\"appear-on-scroll\">De vez en cuando, ATHA puede comunicarse con usted por correo electr\u00f3nico con el fin de brindarle anuncios, ofertas promocionales, alertas, confirmaciones, encuestas y\/u otra comunicaci\u00f3n general. Para mejorar nuestros Servicios, podemos recibir una notificaci\u00f3n cuando abre un correo electr\u00f3nico de ATHA o hace clic en un enlace del mismo.<\/p>\n\n<p class=\"appear-on-scroll\">Si desea dejar de recibir comunicaciones de marketing o promocionales por correo electr\u00f3nico de ATHA, puede optar por no recibir dichas comunicaciones haciendo clic en el enlace CANCELAR SUSCRIPCI\u00d3N.<\/p>\n\n<h2  class=\"appear-on-scroll wp-block-heading\" ><span class=\"text\"><strong>Sitios de almacenamiento de datos externos<\/strong><\/span><\/h2>\n\n<p class=\"appear-on-scroll\">Podemos almacenar sus datos en servidores proporcionados por proveedores de alojamiento de terceros con los que hemos contratado.<\/p>\n\n<h2  class=\"appear-on-scroll wp-block-heading\" ><span class=\"text\"><strong>Cambios a esta Declaraci\u00f3n<\/strong><\/span><\/h2>\n\n<p class=\"appear-on-scroll\">ATHA se reserva el derecho de cambiar esta Pol\u00edtica de privacidad de vez en cuando. Le notificaremos sobre cambios significativos en la forma en que tratamos la informaci\u00f3n personal enviando un aviso a la direcci\u00f3n de correo electr\u00f3nico principal especificada en su cuenta, colocando un aviso destacado en nuestro sitio web y\/o actualizando cualquier informaci\u00f3n de privacidad. Su uso continuado del sitio web y\/o los Servicios disponibles despu\u00e9s de dichas modificaciones constituir\u00e1 su: (a) reconocimiento de la Pol\u00edtica de privacidad modificada; y (b) acuerdo de cumplir y estar sujeto a esa Pol\u00edtica.<\/p>\n\n<h2  class=\"appear-on-scroll wp-block-heading\" ><span class=\"text\">Informaci\u00f3n del contacto<\/span><\/h2>\n\n<p class=\"appear-on-scroll\">ATHA agradece sus preguntas o comentarios con respecto a esta Declaraci\u00f3n de privacidad. Si cree que ATHA no se ha adherido a esta Declaraci\u00f3n, comun\u00edquese con ATHA en:<\/p>\n\n<p class=\"appear-on-scroll\">\u00c1rea patrimonial de Anacostia Trails<\/p>\n\n<p class=\"appear-on-scroll\">apartado de correos 367<\/p>\n\n<p class=\"appear-on-scroll\">Hyattsville, Maryland 20781<\/p>\n\n<h3  class=\"appear-on-scroll wp-block-heading\" ><span class=\"text\">Direcci\u00f3n de correo electr\u00f3nico:<\/span><\/h3>\n\n<p class=\"appear-on-scroll\">info@anacostiatrails.org<\/p>\n\n<h3  class=\"appear-on-scroll wp-block-heading\" ><span class=\"text\">N\u00famero de tel\u00e9fono:<\/span><\/h3>\n\n<p class=\"appear-on-scroll\">301-887-0777<\/p>\n\n\n<div style=\"height:149px\" aria-hidden=\"true\" class=\"wp-block-spacer\"><\/div>\n\n\n<p class=\"appear-on-scroll\"><em>Efectivo a partir del 09 de agosto de 2022<\/em><\/p>","protected":false},"excerpt":{"rendered":"<p>Proteger su informaci\u00f3n privada es nuestra prioridad. Esta Declaraci\u00f3n de Privacidad se aplica a pgccivilrights.org y Anacostia Trails Heritage Area y rige la recopilaci\u00f3n y el uso de datos. \u2026 <span class=\"more\"><a href=\"https:\/\/pgcivilrightstrail.org\/es\/privacy-policy\/\">Aprende m\u00e1s<\/a><\/span><\/p>","protected":false},"author":1,"featured_media":0,"parent":0,"menu_order":0,"comment_status":"closed","ping_status":"closed","template":"","meta":{"featured_image_background_position":"","footnotes":""},"class_list":["post-3","page","type-page","status-publish","hentry"],"yoast_head":"<!-- This site is optimized with the Yoast SEO plugin v26.6 - https:\/\/yoast.com\/wordpress\/plugins\/seo\/ -->\n<title>Privacy Policy - Prince George&#039;s Civil Rights Trail<\/title>\n<meta name=\"robots\" content=\"index, follow, max-snippet:-1, max-image-preview:large, max-video-preview:-1\" \/>\n<link rel=\"canonical\" href=\"https:\/\/pgcivilrightstrail.org\/es\/privacy-policy\/\" \/>\n<meta property=\"og:locale\" content=\"es_MX\" \/>\n<meta property=\"og:type\" content=\"article\" \/>\n<meta property=\"og:title\" content=\"Privacy Policy - Prince George&#039;s Civil Rights Trail\" \/>\n<meta property=\"og:description\" content=\"Protecting your private information is our priority. This Statement of Privacy applies to pgccivilrights.org, and Anacostia Trails Heritage Area and governs data collection and usage. &hellip; Learn More\" \/>\n<meta property=\"og:url\" content=\"https:\/\/pgcivilrightstrail.org\/es\/privacy-policy\/\" \/>\n<meta property=\"og:site_name\" content=\"Prince George&#039;s Civil Rights Trail\" \/>\n<meta property=\"article:publisher\" content=\"https:\/\/www.facebook.com\/mdmilestones\/\" \/>\n<meta property=\"article:modified_time\" content=\"2022-08-04T18:04:05+00:00\" \/>\n<meta name=\"twitter:card\" content=\"summary_large_image\" \/>\n<meta name=\"twitter:site\" content=\"@mdmilestones\" \/>\n<meta name=\"twitter:label1\" content=\"Tiempo de lectura\" \/>\n\t<meta name=\"twitter:data1\" content=\"6 minutos\" \/>\n<script type=\"application\/ld+json\" class=\"yoast-schema-graph\">{\"@context\":\"https:\/\/schema.org\",\"@graph\":[{\"@type\":\"WebPage\",\"@id\":\"https:\/\/pgcivilrightstrail.org\/privacy-policy\/\",\"url\":\"https:\/\/pgcivilrightstrail.org\/privacy-policy\/\",\"name\":\"Privacy Policy - Prince George&#039;s Civil Rights Trail\",\"isPartOf\":{\"@id\":\"https:\/\/pgcivilrightstrail.org\/#website\"},\"datePublished\":\"2022-05-18T17:55:53+00:00\",\"dateModified\":\"2022-08-04T18:04:05+00:00\",\"breadcrumb\":{\"@id\":\"https:\/\/pgcivilrightstrail.org\/privacy-policy\/#breadcrumb\"},\"inLanguage\":\"es\",\"potentialAction\":[{\"@type\":\"ReadAction\",\"target\":[\"https:\/\/pgcivilrightstrail.org\/privacy-policy\/\"]}]},{\"@type\":\"BreadcrumbList\",\"@id\":\"https:\/\/pgcivilrightstrail.org\/privacy-policy\/#breadcrumb\",\"itemListElement\":[{\"@type\":\"ListItem\",\"position\":1,\"name\":\"Home\",\"item\":\"https:\/\/pgcivilrightstrail.org\/\"},{\"@type\":\"ListItem\",\"position\":2,\"name\":\"Privacy Policy\"}]},{\"@type\":\"WebSite\",\"@id\":\"https:\/\/pgcivilrightstrail.org\/#website\",\"url\":\"https:\/\/pgcivilrightstrail.org\/\",\"name\":\"Prince George&#039;s Civil Rights Trail\",\"description\":\"Learn about the civil rights history of the most affluent Black county in the United States.\",\"potentialAction\":[{\"@type\":\"SearchAction\",\"target\":{\"@type\":\"EntryPoint\",\"urlTemplate\":\"https:\/\/pgcivilrightstrail.org\/?s={search_term_string}\"},\"query-input\":{\"@type\":\"PropertyValueSpecification\",\"valueRequired\":true,\"valueName\":\"search_term_string\"}}],\"inLanguage\":\"es\"}]}<\/script>\n<!-- \/ Yoast SEO plugin. -->","yoast_head_json":{"title":"Privacy Policy - Prince George&#039;s Civil Rights Trail","robots":{"index":"index","follow":"follow","max-snippet":"max-snippet:-1","max-image-preview":"max-image-preview:large","max-video-preview":"max-video-preview:-1"},"canonical":"https:\/\/pgcivilrightstrail.org\/es\/privacy-policy\/","og_locale":"es_MX","og_type":"article","og_title":"Privacy Policy - Prince George&#039;s Civil Rights Trail","og_description":"Protecting your private information is our priority. This Statement of Privacy applies to pgccivilrights.org, and Anacostia Trails Heritage Area and governs data collection and usage. &hellip; Learn More","og_url":"https:\/\/pgcivilrightstrail.org\/es\/privacy-policy\/","og_site_name":"Prince George&#039;s Civil Rights Trail","article_publisher":"https:\/\/www.facebook.com\/mdmilestones\/","article_modified_time":"2022-08-04T18:04:05+00:00","twitter_card":"summary_large_image","twitter_site":"@mdmilestones","twitter_misc":{"Tiempo de lectura":"6 minutos"},"schema":{"@context":"https:\/\/schema.org","@graph":[{"@type":"WebPage","@id":"https:\/\/pgcivilrightstrail.org\/privacy-policy\/","url":"https:\/\/pgcivilrightstrail.org\/privacy-policy\/","name":"Privacy Policy - Prince George&#039;s Civil Rights Trail","isPartOf":{"@id":"https:\/\/pgcivilrightstrail.org\/#website"},"datePublished":"2022-05-18T17:55:53+00:00","dateModified":"2022-08-04T18:04:05+00:00","breadcrumb":{"@id":"https:\/\/pgcivilrightstrail.org\/privacy-policy\/#breadcrumb"},"inLanguage":"es","potentialAction":[{"@type":"ReadAction","target":["https:\/\/pgcivilrightstrail.org\/privacy-policy\/"]}]},{"@type":"BreadcrumbList","@id":"https:\/\/pgcivilrightstrail.org\/privacy-policy\/#breadcrumb","itemListElement":[{"@type":"ListItem","position":1,"name":"Home","item":"https:\/\/pgcivilrightstrail.org\/"},{"@type":"ListItem","position":2,"name":"Privacy Policy"}]},{"@type":"WebSite","@id":"https:\/\/pgcivilrightstrail.org\/#website","url":"https:\/\/pgcivilrightstrail.org\/","name":"Ruta de los derechos civiles del Pr\u00edncipe George","description":"Conozca la historia de los derechos civiles del condado negro m\u00e1s pr\u00f3spero de los Estados Unidos.","potentialAction":[{"@type":"SearchAction","target":{"@type":"EntryPoint","urlTemplate":"https:\/\/pgcivilrightstrail.org\/?s={search_term_string}"},"query-input":{"@type":"PropertyValueSpecification","valueRequired":true,"valueName":"search_term_string"}}],"inLanguage":"es"}]}},"_links":{"self":[{"href":"https:\/\/pgcivilrightstrail.org\/es\/wp-json\/wp\/v2\/pages\/3","targetHints":{"allow":["GET"]}}],"collection":[{"href":"https:\/\/pgcivilrightstrail.org\/es\/wp-json\/wp\/v2\/pages"}],"about":[{"href":"https:\/\/pgcivilrightstrail.org\/es\/wp-json\/wp\/v2\/types\/page"}],"author":[{"embeddable":true,"href":"https:\/\/pgcivilrightstrail.org\/es\/wp-json\/wp\/v2\/users\/1"}],"replies":[{"embeddable":true,"href":"https:\/\/pgcivilrightstrail.org\/es\/wp-json\/wp\/v2\/comments?post=3"}],"version-history":[{"count":0,"href":"https:\/\/pgcivilrightstrail.org\/es\/wp-json\/wp\/v2\/pages\/3\/revisions"}],"wp:attachment":[{"href":"https:\/\/pgcivilrightstrail.org\/es\/wp-json\/wp\/v2\/media?parent=3"}],"curies":[{"name":"wp","href":"https:\/\/api.w.org\/{rel}","templated":true}]}}