{"id":11,"date":"2022-05-18T18:02:39","date_gmt":"2022-05-18T18:02:39","guid":{"rendered":"https:\/\/staging.pgcivilrightstrail.org\/?page_id=11"},"modified":"2025-12-17T16:56:44","modified_gmt":"2025-12-17T16:56:44","slug":"about","status":"publish","type":"page","link":"https:\/\/pgcivilrightstrail.org\/es\/about\/","title":{"rendered":"Acerca de"},"content":{"rendered":"<p class=\"appear-on-scroll\">El Camino de los Derechos Civiles del Condado de Prince George es un proyecto de historia p\u00fablica centrado en sitios regionales e historias del Movimiento Nacional de Derechos Civiles (1954-1964). Cada letrero detalla las experiencias de los habitantes negros de Maryland mientras luchaban contra la segregaci\u00f3n y por la igualdad. Reconocemos que esta lucha contin\u00faa y creemos que al iluminar estos momentos de la historia, podemos aumentar la comprensi\u00f3n cultural e inspirar actos de reconciliaci\u00f3n.<\/p>\n\n<p class=\"appear-on-scroll\">Este proyecto fue financiado por el Servicio de Parques Nacionales y el Fideicomiso Hist\u00f3rico de Maryland. El proyecto es administrado por Anacostia Trails Heritage Area\/Maryland Milestones con el apoyo del Programa de Historia Negra de la Comisi\u00f3n de Planificaci\u00f3n y Parques de la Capital Nacional de Maryland y el Consorcio de Historia del Condado de Prince George. Investigaci\u00f3n y redacci\u00f3n de Meagan Baco, Alexander Brooks, Nathan Dennies y Leigh Walters.<\/p>\n\n<p class=\"appear-on-scroll\">Un agradecimiento especial a Civil War Trails, Doswell E. Brooks Elementary School, Frederick Douglass High School Alumni Association, The Griffin Estate, Hyattsville CDC, Laurel Historical Society, Laurel History Boys, Openbox9, Prince George&#039;s County Historical Society, Prince George&#039;s County Memorial Library System , la Iglesia Episcopal Metodista de San Marcos y el Comit\u00e9 Hist\u00f3rico de la Ciudad de Upper Marlboro.<\/p>\n\n\n<div style=\"height:35px\" aria-hidden=\"true\" class=\"wp-block-spacer\"><\/div>\n\n\n<figure  class=\"appear-on-scroll wp-block-gallery has-nested-images columns-5 logos wp-block-gallery-1 is-layout-flex wp-block-gallery-is-layout-flex\" ><figure  class=\"appear-on-scroll wp-block-image size-full\" ><img loading=\"lazy\" decoding=\"async\" width=\"500\" height=\"407\" data-id=\"217\" src=\"https:\/\/pgcivilrightstrail.org\/wp-content\/uploads\/2022\/07\/Maryland_Heritage_Area-500px.jpg\" alt=\"\" class=\"wp-image-217\" srcset=\"https:\/\/pgcivilrightstrail.org\/wp-content\/uploads\/2022\/07\/Maryland_Heritage_Area-500px.jpg 500w, https:\/\/pgcivilrightstrail.org\/wp-content\/uploads\/2022\/07\/Maryland_Heritage_Area-500px-300x244.jpg 300w\" sizes=\"auto, (max-width: 500px) 100vw, 500px\" \/><\/figure>\n\n<figure  class=\"appear-on-scroll wp-block-image size-large\" ><img loading=\"lazy\" decoding=\"async\" width=\"501\" height=\"244\" data-id=\"107\" src=\"https:\/\/pgcivilrightstrail.org\/wp-content\/uploads\/2022\/07\/MNCPPC_500px.png\" alt=\"\" class=\"wp-image-107\" srcset=\"https:\/\/pgcivilrightstrail.org\/wp-content\/uploads\/2022\/07\/MNCPPC_500px.png 501w, https:\/\/pgcivilrightstrail.org\/wp-content\/uploads\/2022\/07\/MNCPPC_500px-300x146.png 300w\" sizes=\"auto, (max-width: 501px) 100vw, 501px\" \/><\/figure>\n\n<figure  class=\"appear-on-scroll wp-block-image size-full\" ><img loading=\"lazy\" decoding=\"async\" width=\"500\" height=\"984\" style=\"object-position:51% 47%;\" data-id=\"218\" src=\"https:\/\/pgcivilrightstrail.org\/wp-content\/uploads\/2022\/07\/National_Park_Service-500px.jpg\" alt=\"\" class=\"wp-image-218\" srcset=\"https:\/\/pgcivilrightstrail.org\/wp-content\/uploads\/2022\/07\/National_Park_Service-500px.jpg 500w, https:\/\/pgcivilrightstrail.org\/wp-content\/uploads\/2022\/07\/National_Park_Service-500px-152x300.jpg 152w\" sizes=\"auto, (max-width: 500px) 100vw, 500px\" \/><\/figure>\n\n<figure  class=\"appear-on-scroll wp-block-image size-full\" ><img loading=\"lazy\" decoding=\"async\" width=\"501\" height=\"197\" data-id=\"108\" src=\"https:\/\/pgcivilrightstrail.org\/wp-content\/uploads\/2022\/07\/PG_History_Consortium_500px.png\" alt=\"\" class=\"wp-image-108\" srcset=\"https:\/\/pgcivilrightstrail.org\/wp-content\/uploads\/2022\/07\/PG_History_Consortium_500px.png 501w, https:\/\/pgcivilrightstrail.org\/wp-content\/uploads\/2022\/07\/PG_History_Consortium_500px-300x118.png 300w\" sizes=\"auto, (max-width: 501px) 100vw, 501px\" \/><\/figure>\n\n<figure  class=\"appear-on-scroll wp-block-image size-large\" ><img loading=\"lazy\" decoding=\"async\" width=\"501\" height=\"91\" data-id=\"111\" src=\"https:\/\/pgcivilrightstrail.org\/wp-content\/uploads\/2022\/07\/PGC_Memorial_Library_System_500px.png\" alt=\"\" class=\"wp-image-111\" srcset=\"https:\/\/pgcivilrightstrail.org\/wp-content\/uploads\/2022\/07\/PGC_Memorial_Library_System_500px.png 501w, https:\/\/pgcivilrightstrail.org\/wp-content\/uploads\/2022\/07\/PGC_Memorial_Library_System_500px-300x54.png 300w\" sizes=\"auto, (max-width: 501px) 100vw, 501px\" \/><\/figure><\/figure>","protected":false},"excerpt":{"rendered":"<p>La Ruta de los Derechos Civiles del Condado de Prince George es un proyecto de historia p\u00fablica centrado en sitios e historias regionales del Movimiento Nacional de Derechos Civiles (1954-1964). \u2026 <span class=\"more\"><a href=\"https:\/\/pgcivilrightstrail.org\/es\/about\/\">Aprende m\u00e1s<\/a><\/span><\/p>","protected":false},"author":1,"featured_media":0,"parent":0,"menu_order":0,"comment_status":"closed","ping_status":"closed","template":"","meta":{"featured_image_background_position":"","footnotes":""},"class_list":["post-11","page","type-page","status-publish","hentry"],"yoast_head":"<!-- This site is optimized with the Yoast SEO plugin v26.6 - https:\/\/yoast.com\/wordpress\/plugins\/seo\/ -->\n<title>About - Prince George&#039;s Civil Rights Trail<\/title>\n<meta name=\"robots\" content=\"index, follow, max-snippet:-1, max-image-preview:large, max-video-preview:-1\" \/>\n<link rel=\"canonical\" href=\"https:\/\/pgcivilrightstrail.org\/es\/about\/\" \/>\n<meta property=\"og:locale\" content=\"es_MX\" \/>\n<meta property=\"og:type\" content=\"article\" \/>\n<meta property=\"og:title\" content=\"About - Prince George&#039;s Civil Rights Trail\" \/>\n<meta property=\"og:description\" content=\"The Prince George\u2019s County Civil Rights Trail is a public history project focused on regional sites and stories of the national Civil Rights Movement (1954-1964). &hellip; Learn More\" \/>\n<meta property=\"og:url\" content=\"https:\/\/pgcivilrightstrail.org\/es\/about\/\" \/>\n<meta property=\"og:site_name\" content=\"Prince George&#039;s Civil Rights Trail\" \/>\n<meta property=\"article:publisher\" content=\"https:\/\/www.facebook.com\/mdmilestones\/\" \/>\n<meta property=\"article:modified_time\" content=\"2025-12-17T16:56:44+00:00\" \/>\n<meta property=\"og:image\" content=\"https:\/\/pgcivilrightstrail.org\/wp-content\/uploads\/2022\/07\/Maryland_Heritage_Area-500px.jpg\" \/>\n\t<meta property=\"og:image:width\" content=\"500\" \/>\n\t<meta property=\"og:image:height\" content=\"407\" \/>\n\t<meta property=\"og:image:type\" content=\"image\/jpeg\" \/>\n<meta name=\"twitter:card\" content=\"summary_large_image\" \/>\n<meta name=\"twitter:site\" content=\"@mdmilestones\" \/>\n<meta name=\"twitter:label1\" content=\"Tiempo de lectura\" \/>\n\t<meta name=\"twitter:data1\" content=\"2 minutos\" \/>\n<script type=\"application\/ld+json\" class=\"yoast-schema-graph\">{\"@context\":\"https:\/\/schema.org\",\"@graph\":[{\"@type\":\"WebPage\",\"@id\":\"https:\/\/pgcivilrightstrail.org\/about\/\",\"url\":\"https:\/\/pgcivilrightstrail.org\/about\/\",\"name\":\"About - Prince George&#039;s Civil Rights Trail\",\"isPartOf\":{\"@id\":\"https:\/\/pgcivilrightstrail.org\/#website\"},\"primaryImageOfPage\":{\"@id\":\"https:\/\/pgcivilrightstrail.org\/about\/#primaryimage\"},\"image\":{\"@id\":\"https:\/\/pgcivilrightstrail.org\/about\/#primaryimage\"},\"thumbnailUrl\":\"https:\/\/pgcivilrightstrail.org\/wp-content\/uploads\/2022\/07\/Maryland_Heritage_Area-500px.jpg\",\"datePublished\":\"2022-05-18T18:02:39+00:00\",\"dateModified\":\"2025-12-17T16:56:44+00:00\",\"breadcrumb\":{\"@id\":\"https:\/\/pgcivilrightstrail.org\/about\/#breadcrumb\"},\"inLanguage\":\"es\",\"potentialAction\":[{\"@type\":\"ReadAction\",\"target\":[\"https:\/\/pgcivilrightstrail.org\/about\/\"]}]},{\"@type\":\"ImageObject\",\"inLanguage\":\"es\",\"@id\":\"https:\/\/pgcivilrightstrail.org\/about\/#primaryimage\",\"url\":\"https:\/\/pgcivilrightstrail.org\/wp-content\/uploads\/2022\/07\/Maryland_Heritage_Area-500px.jpg\",\"contentUrl\":\"https:\/\/pgcivilrightstrail.org\/wp-content\/uploads\/2022\/07\/Maryland_Heritage_Area-500px.jpg\"},{\"@type\":\"BreadcrumbList\",\"@id\":\"https:\/\/pgcivilrightstrail.org\/about\/#breadcrumb\",\"itemListElement\":[{\"@type\":\"ListItem\",\"position\":1,\"name\":\"Home\",\"item\":\"https:\/\/pgcivilrightstrail.org\/\"},{\"@type\":\"ListItem\",\"position\":2,\"name\":\"About\"}]},{\"@type\":\"WebSite\",\"@id\":\"https:\/\/pgcivilrightstrail.org\/#website\",\"url\":\"https:\/\/pgcivilrightstrail.org\/\",\"name\":\"Prince George&#039;s Civil Rights Trail\",\"description\":\"Learn about the civil rights history of the most affluent Black county in the United States.\",\"potentialAction\":[{\"@type\":\"SearchAction\",\"target\":{\"@type\":\"EntryPoint\",\"urlTemplate\":\"https:\/\/pgcivilrightstrail.org\/?s={search_term_string}\"},\"query-input\":{\"@type\":\"PropertyValueSpecification\",\"valueRequired\":true,\"valueName\":\"search_term_string\"}}],\"inLanguage\":\"es\"}]}<\/script>\n<!-- \/ Yoast SEO plugin. -->","yoast_head_json":{"title":"About - Prince George&#039;s Civil Rights Trail","robots":{"index":"index","follow":"follow","max-snippet":"max-snippet:-1","max-image-preview":"max-image-preview:large","max-video-preview":"max-video-preview:-1"},"canonical":"https:\/\/pgcivilrightstrail.org\/es\/about\/","og_locale":"es_MX","og_type":"article","og_title":"About - Prince George&#039;s Civil Rights Trail","og_description":"The Prince George\u2019s County Civil Rights Trail is a public history project focused on regional sites and stories of the national Civil Rights Movement (1954-1964). &hellip; Learn More","og_url":"https:\/\/pgcivilrightstrail.org\/es\/about\/","og_site_name":"Prince George&#039;s Civil Rights Trail","article_publisher":"https:\/\/www.facebook.com\/mdmilestones\/","article_modified_time":"2025-12-17T16:56:44+00:00","og_image":[{"width":500,"height":407,"url":"https:\/\/pgcivilrightstrail.org\/wp-content\/uploads\/2022\/07\/Maryland_Heritage_Area-500px.jpg","type":"image\/jpeg"}],"twitter_card":"summary_large_image","twitter_site":"@mdmilestones","twitter_misc":{"Tiempo de lectura":"2 minutos"},"schema":{"@context":"https:\/\/schema.org","@graph":[{"@type":"WebPage","@id":"https:\/\/pgcivilrightstrail.org\/about\/","url":"https:\/\/pgcivilrightstrail.org\/about\/","name":"About - Prince George&#039;s Civil Rights Trail","isPartOf":{"@id":"https:\/\/pgcivilrightstrail.org\/#website"},"primaryImageOfPage":{"@id":"https:\/\/pgcivilrightstrail.org\/about\/#primaryimage"},"image":{"@id":"https:\/\/pgcivilrightstrail.org\/about\/#primaryimage"},"thumbnailUrl":"https:\/\/pgcivilrightstrail.org\/wp-content\/uploads\/2022\/07\/Maryland_Heritage_Area-500px.jpg","datePublished":"2022-05-18T18:02:39+00:00","dateModified":"2025-12-17T16:56:44+00:00","breadcrumb":{"@id":"https:\/\/pgcivilrightstrail.org\/about\/#breadcrumb"},"inLanguage":"es","potentialAction":[{"@type":"ReadAction","target":["https:\/\/pgcivilrightstrail.org\/about\/"]}]},{"@type":"ImageObject","inLanguage":"es","@id":"https:\/\/pgcivilrightstrail.org\/about\/#primaryimage","url":"https:\/\/pgcivilrightstrail.org\/wp-content\/uploads\/2022\/07\/Maryland_Heritage_Area-500px.jpg","contentUrl":"https:\/\/pgcivilrightstrail.org\/wp-content\/uploads\/2022\/07\/Maryland_Heritage_Area-500px.jpg"},{"@type":"BreadcrumbList","@id":"https:\/\/pgcivilrightstrail.org\/about\/#breadcrumb","itemListElement":[{"@type":"ListItem","position":1,"name":"Home","item":"https:\/\/pgcivilrightstrail.org\/"},{"@type":"ListItem","position":2,"name":"About"}]},{"@type":"WebSite","@id":"https:\/\/pgcivilrightstrail.org\/#website","url":"https:\/\/pgcivilrightstrail.org\/","name":"Ruta de los derechos civiles del Pr\u00edncipe George","description":"Conozca la historia de los derechos civiles del condado negro m\u00e1s pr\u00f3spero de los Estados Unidos.","potentialAction":[{"@type":"SearchAction","target":{"@type":"EntryPoint","urlTemplate":"https:\/\/pgcivilrightstrail.org\/?s={search_term_string}"},"query-input":{"@type":"PropertyValueSpecification","valueRequired":true,"valueName":"search_term_string"}}],"inLanguage":"es"}]}},"_links":{"self":[{"href":"https:\/\/pgcivilrightstrail.org\/es\/wp-json\/wp\/v2\/pages\/11","targetHints":{"allow":["GET"]}}],"collection":[{"href":"https:\/\/pgcivilrightstrail.org\/es\/wp-json\/wp\/v2\/pages"}],"about":[{"href":"https:\/\/pgcivilrightstrail.org\/es\/wp-json\/wp\/v2\/types\/page"}],"author":[{"embeddable":true,"href":"https:\/\/pgcivilrightstrail.org\/es\/wp-json\/wp\/v2\/users\/1"}],"replies":[{"embeddable":true,"href":"https:\/\/pgcivilrightstrail.org\/es\/wp-json\/wp\/v2\/comments?post=11"}],"version-history":[{"count":0,"href":"https:\/\/pgcivilrightstrail.org\/es\/wp-json\/wp\/v2\/pages\/11\/revisions"}],"wp:attachment":[{"href":"https:\/\/pgcivilrightstrail.org\/es\/wp-json\/wp\/v2\/media?parent=11"}],"curies":[{"name":"wp","href":"https:\/\/api.w.org\/{rel}","templated":true}]}}